{"id":2,"date":"2025-11-17T08:15:22","date_gmt":"2025-11-17T08:15:22","guid":{"rendered":"http:\/\/niehuesonline.de\/?page_id=2"},"modified":"2026-04-07T18:03:56","modified_gmt":"2026-04-07T18:03:56","slug":"sample-page","status":"publish","type":"page","link":"http:\/\/niehuesonline.de\/index.php\/sample-page\/","title":{"rendered":"Karsten Niehues"},"content":{"rendered":"\n<div class=\"wp-block-columns is-layout-flex wp-container-core-columns-is-layout-9d6595d7 wp-block-columns-is-layout-flex\">\n<div class=\"wp-block-column is-layout-flow wp-block-column-is-layout-flow\" style=\"flex-basis:100%\"><div class=\"wp-block-image\">\n<figure class=\"aligncenter size-full is-resized\"><img loading=\"lazy\" decoding=\"async\" width=\"886\" height=\"1240\" src=\"http:\/\/niehuesonline.de\/wp-content\/uploads\/2026\/04\/DSC_7810-Kopie.jpg\" alt=\"\" class=\"wp-image-118\" style=\"aspect-ratio:0.7145230532037906;width:244px;height:auto\" srcset=\"http:\/\/niehuesonline.de\/wp-content\/uploads\/2026\/04\/DSC_7810-Kopie.jpg 886w, http:\/\/niehuesonline.de\/wp-content\/uploads\/2026\/04\/DSC_7810-Kopie-214x300.jpg 214w, http:\/\/niehuesonline.de\/wp-content\/uploads\/2026\/04\/DSC_7810-Kopie-732x1024.jpg 732w, http:\/\/niehuesonline.de\/wp-content\/uploads\/2026\/04\/DSC_7810-Kopie-768x1075.jpg 768w\" sizes=\"auto, (max-width: 886px) 100vw, 886px\" \/><\/figure>\n<\/div><\/div>\n<\/div>\n\n\n\n<p class=\"has-x-large-font-size\"><\/p>\n\n\n\n<p>Die Kanzlei Niehues versteht sich eine moderne Rechtsanwaltskanzlei, die gr\u00f6\u00dftm\u00f6glichen Wert auf pers\u00f6nliche, ma\u00dfgeschneiderte und effiziente Betreuung eines jeden Mandanten legt.<\/p>\n\n\n\n<p>Rechtsanwalt Niehues hat vor seiner Selbst\u00e4ndigkeit in eigener Kanzlei im Jahr 2007 in gr\u00f6\u00dferen Kanzleien gearbeitet. Bewusst entschied er sich zu diesem Kanzleimodell einer individuellen Einzelkanzlei mit einem gewachsenen Netzwerk aus Rechtsanw\u00e4lten, Notaren und Steuerberatern.<\/p>\n\n\n\n<p>Ich biete Ihnen eine individuelle und kompetente rechtliche Beratung und Vertretung bundesweit vor allen Amtsgerichten, Landgerichten und Oberlandesgerichten. Mit mir an Ihrer Seite finden Sie die optimale L\u00f6sung Ihres Problems. Dabei beachte ich auch stets Ihre konkrete Lebenssituation, Ihre Bed\u00fcrfnisse und W\u00fcnsche sowie die Wirtschaftlichkeit Ihres Anliegens.<\/p>\n\n\n\n<p>Ich bin nicht der Typ eines Rechtsanwalts, der Mauern zwischen Mandant und Anwalt errichtet. Wenn Sie mit Ihrem Anwalt in Kontakt treten m\u00f6chten, um Ihren Fall zu besprechen, wird dies Ihnen leicht fallen. Tats\u00e4chlich werde ich Sie proaktiv einbinden und sicherstellen, dass Sie \u00fcber den Fortschritt Ihres Falls informiert sind. Ich bin stolz darauf, die Menschen, die ich vertreten, kennenzulernen und ihnen die M\u00f6glichkeit zu geben, mich kennenzulernen.<\/p>\n\n\n\n<p>Durch stetige Fortbildung und Weiterentwicklung sehe ich mich zu jeder Zeit auf dem aktuellen Stand der Rechtsprechung.<\/p>\n","protected":false},"excerpt":{"rendered":"<p>Die Kanzlei Niehues versteht sich eine moderne Rechtsanwaltskanzlei, die gr\u00f6\u00dftm\u00f6glichen Wert auf pers\u00f6nliche, [&hellip;]<\/p>\n","protected":false},"author":1,"featured_media":82,"parent":0,"menu_order":2,"comment_status":"closed","ping_status":"closed","template":"","meta":{"footnotes":""},"class_list":["post-2","page","type-page","status-publish","has-post-thumbnail","hentry"],"_links":{"self":[{"href":"http:\/\/niehuesonline.de\/index.php\/wp-json\/wp\/v2\/pages\/2","targetHints":{"allow":["GET"]}}],"collection":[{"href":"http:\/\/niehuesonline.de\/index.php\/wp-json\/wp\/v2\/pages"}],"about":[{"href":"http:\/\/niehuesonline.de\/index.php\/wp-json\/wp\/v2\/types\/page"}],"author":[{"embeddable":true,"href":"http:\/\/niehuesonline.de\/index.php\/wp-json\/wp\/v2\/users\/1"}],"replies":[{"embeddable":true,"href":"http:\/\/niehuesonline.de\/index.php\/wp-json\/wp\/v2\/comments?post=2"}],"version-history":[{"count":7,"href":"http:\/\/niehuesonline.de\/index.php\/wp-json\/wp\/v2\/pages\/2\/revisions"}],"predecessor-version":[{"id":121,"href":"http:\/\/niehuesonline.de\/index.php\/wp-json\/wp\/v2\/pages\/2\/revisions\/121"}],"wp:featuredmedia":[{"embeddable":true,"href":"http:\/\/niehuesonline.de\/index.php\/wp-json\/wp\/v2\/media\/82"}],"wp:attachment":[{"href":"http:\/\/niehuesonline.de\/index.php\/wp-json\/wp\/v2\/media?parent=2"}],"curies":[{"name":"wp","href":"https:\/\/api.w.org\/{rel}","templated":true}]}}